{"id":82,"date":"2019-07-12T19:00:07","date_gmt":"2019-07-12T17:00:07","guid":{"rendered":"https:\/\/robot.horusdynamics.com\/robots\/?post_type=product&#038;p=82"},"modified":"2019-07-12T19:01:10","modified_gmt":"2019-07-12T17:01:10","slug":"rb-sherpa-advanced-mobility-research-platform","status":"publish","type":"product","link":"https:\/\/robot.horusdynamics.com\/robots\/s\/rb-sherpa-advanced-mobility-research-platform\/","title":{"rendered":"RB-Sherpa Advanced Mobility Research Platform"},"content":{"rendered":"<div class=\"product-availability-region\">\n<div>\n<div class=\"availabilityContainer\"><\/div>\n<\/div>\n<\/div>\n<div class=\"productShortDescription\">\n<p>&nbsp;<\/p>\n<p><strong>Descrizione<\/strong><br \/>\nPiattaforma mobile per uso generale<br \/>\nProgettato per indirizzare le attivit\u00e0 logistiche<br \/>\nPu\u00f2 seguire un operatore umano<br \/>\nPer ambienti interni ed esterni<br \/>\nLa piattaforma di ricerca avanzata sulla mobilit\u00e0 RB-Sherpa \u00e8 una piattaforma mobile per scopi generali progettata per le attivit\u00e0 logistiche di destinazione. Il robot ha un&#8217;ampia mobilit\u00e0 ed \u00e8 in grado di seguire autonomamente un operatore umano. Pu\u00f2 navigare in diversi ambienti, interni ed esterni. RB-Sherpa \u00e8 adatto per attivit\u00e0 logistiche in magazzini o per altre applicazioni come prelievo, trasporto e luogo.<\/p>\n<p>Piattaforma di ricerca avanzata sulla mobilit\u00e0 RB-Sherpa &#8211; Clicca per ingrandire<\/p>\n<p>La trazione del robot utilizza ruote motrici sterzanti, consentendo quindi configurazioni cinematiche diverse: singolo \/ doppio Ackermann o strisciamento omnidirezionale. L&#8217;architettura di controllo \u00e8 open-source e modulare, basata su ROS.<\/p>\n<p>applicazioni:<\/p>\n<p>Logistica (consegna preparazione ordine)<br \/>\nPicking e trasporto<br \/>\nApplicazioni di consegna<br \/>\nagricoltura<br \/>\nMilitare<\/p>\n<\/div>\n<p><strong>Specifiche:<\/strong><\/p>\n<ul>\n<li>Peso: 123 Kg<\/li>\n<li>Carico utile: 100 Kg<\/li>\n<li>Velocit\u00e0: 3 m \/ s<\/li>\n<li>Autonomia: 10 ore di movimento continuo<\/li>\n<li>Batterie: LiFePO4\u00a015Ah @ 48V<\/li>\n<li>Motori di trazione: 4 x 500 W<\/li>\n<li>Motori dello sterzo: 2\/4 x 200W<\/li>\n<li>Intervallo di temperatura: da -10\u00baC a 45\u00baC<\/li>\n<li>Passo massimo: 120 mm<\/li>\n<li>Controller: Open arquitecture ROS<\/li>\n<li>Comunicazione: WiFi 802. 11n<\/li>\n<li>Connettivit\u00e0;\u00a0Interno: USB, RS232, GPIO<\/li>\n<li>Esterno: USB, RJ42, alimentatori<\/li>\n<\/ul>\n","protected":false},"excerpt":{"rendered":"<div class=\"product-availability-region\">\n<div>\n<div class=\"availabilityContainer\">\n<p class=\"availability special-order\">\u00a0Ordine speciale<\/p>\n<div class=\"special\">* Questo \u00e8 un articolo di ordine speciale.\u00a0Lo ordineremo per te non appena effettui l&#8217;ordine.<\/div>\n<div class=\"message special\">La nostra normale disponibilit\u00e0 per la maggior parte dei prodotti \u00e8 compresa tra 2 e 6 settimane.<\/div>\n<\/div>\n<div class=\"product-icon\"><\/div>\n<div class=\"free-ship\">Spedizione gratuita su questo articolo<\/div>\n<\/div>\n<\/div>\n<div class=\"productShortDescription\">\n<ul>\n<li>Piattaforma mobile per uso generale<\/li>\n<li>Progettato per indirizzare le attivit\u00e0 logistiche<\/li>\n<li>Pu\u00f2 seguire un operatore umano<\/li>\n<li>Per ambienti interni ed esterni<\/li>\n<\/ul>\n<\/div>\n","protected":false},"featured_media":84,"template":"","meta":[],"product_cat":[15,23,20,21],"product_tag":[24],"yoast_head":"<!-- This site is optimized with the Yoast SEO plugin v23.0 - https:\/\/yoast.com\/wordpress\/plugins\/seo\/ -->\n<title>RB-Sherpa Advanced Mobility Research Platform - Robot Store<\/title>\n<meta name=\"robots\" content=\"index, follow, max-snippet:-1, max-image-preview:large, max-video-preview:-1\" \/>\n<link rel=\"canonical\" href=\"https:\/\/robot.horusdynamics.com\/robots\/s\/rb-sherpa-advanced-mobility-research-platform\/\" \/>\n<meta property=\"og:locale\" content=\"it_IT\" \/>\n<meta property=\"og:type\" content=\"article\" \/>\n<meta property=\"og:title\" content=\"RB-Sherpa Advanced Mobility Research Platform - Robot Store\" \/>\n<meta property=\"og:description\" content=\"\u00a0Ordine speciale  * Questo \u00e8 un articolo di ordine speciale.\u00a0Lo ordineremo per te non appena effettui l&#039;ordine. La nostra normale disponibilit\u00e0 per la maggior parte dei prodotti \u00e8 compresa tra 2 e 6 settimane.   Spedizione gratuita su questo articolo      Piattaforma mobile per uso generale  Progettato per indirizzare le attivit\u00e0 logistiche  Pu\u00f2 seguire un operatore umano  Per ambienti interni ed esterni\" \/>\n<meta property=\"og:url\" content=\"https:\/\/robot.horusdynamics.com\/robots\/s\/rb-sherpa-advanced-mobility-research-platform\/\" \/>\n<meta property=\"og:site_name\" content=\"Robot Store\" \/>\n<meta property=\"article:modified_time\" content=\"2019-07-12T17:01:10+00:00\" \/>\n<meta property=\"og:image\" content=\"https:\/\/robot.horusdynamics.com\/robots\/wp-content\/uploads\/sites\/2\/2019\/07\/rb-sherpa-advanced-mobility-research-platform-1.jpg\" \/>\n\t<meta property=\"og:image:width\" content=\"900\" \/>\n\t<meta property=\"og:image:height\" content=\"900\" \/>\n\t<meta property=\"og:image:type\" content=\"image\/jpeg\" \/>\n<meta name=\"twitter:card\" content=\"summary_large_image\" \/>\n<meta name=\"twitter:label1\" content=\"Tempo di lettura stimato\" \/>\n\t<meta name=\"twitter:data1\" content=\"1 minuto\" \/>\n<script type=\"application\/ld+json\" class=\"yoast-schema-graph\">{\"@context\":\"https:\/\/schema.org\",\"@graph\":[{\"@type\":\"WebPage\",\"@id\":\"https:\/\/robot.horusdynamics.com\/robots\/s\/rb-sherpa-advanced-mobility-research-platform\/\",\"url\":\"https:\/\/robot.horusdynamics.com\/robots\/s\/rb-sherpa-advanced-mobility-research-platform\/\",\"name\":\"RB-Sherpa Advanced Mobility Research Platform - Robot Store\",\"isPartOf\":{\"@id\":\"https:\/\/robot.horusdynamics.com\/robots\/#website\"},\"primaryImageOfPage\":{\"@id\":\"https:\/\/robot.horusdynamics.com\/robots\/s\/rb-sherpa-advanced-mobility-research-platform\/#primaryimage\"},\"image\":{\"@id\":\"https:\/\/robot.horusdynamics.com\/robots\/s\/rb-sherpa-advanced-mobility-research-platform\/#primaryimage\"},\"thumbnailUrl\":\"https:\/\/robot.horusdynamics.com\/robots\/wp-content\/uploads\/sites\/2\/2019\/07\/rb-sherpa-advanced-mobility-research-platform-1.jpg\",\"datePublished\":\"2019-07-12T17:00:07+00:00\",\"dateModified\":\"2019-07-12T17:01:10+00:00\",\"breadcrumb\":{\"@id\":\"https:\/\/robot.horusdynamics.com\/robots\/s\/rb-sherpa-advanced-mobility-research-platform\/#breadcrumb\"},\"inLanguage\":\"it-IT\",\"potentialAction\":[{\"@type\":\"ReadAction\",\"target\":[\"https:\/\/robot.horusdynamics.com\/robots\/s\/rb-sherpa-advanced-mobility-research-platform\/\"]}]},{\"@type\":\"ImageObject\",\"inLanguage\":\"it-IT\",\"@id\":\"https:\/\/robot.horusdynamics.com\/robots\/s\/rb-sherpa-advanced-mobility-research-platform\/#primaryimage\",\"url\":\"https:\/\/robot.horusdynamics.com\/robots\/wp-content\/uploads\/sites\/2\/2019\/07\/rb-sherpa-advanced-mobility-research-platform-1.jpg\",\"contentUrl\":\"https:\/\/robot.horusdynamics.com\/robots\/wp-content\/uploads\/sites\/2\/2019\/07\/rb-sherpa-advanced-mobility-research-platform-1.jpg\",\"width\":900,\"height\":900},{\"@type\":\"BreadcrumbList\",\"@id\":\"https:\/\/robot.horusdynamics.com\/robots\/s\/rb-sherpa-advanced-mobility-research-platform\/#breadcrumb\",\"itemListElement\":[{\"@type\":\"ListItem\",\"position\":1,\"name\":\"Home\",\"item\":\"https:\/\/robot.horusdynamics.com\/robots\/\"},{\"@type\":\"ListItem\",\"position\":2,\"name\":\"Shop\",\"item\":\"https:\/\/robot.horusdynamics.com\/robots\/\"},{\"@type\":\"ListItem\",\"position\":3,\"name\":\"RB-Sherpa Advanced Mobility Research Platform\"}]},{\"@type\":\"WebSite\",\"@id\":\"https:\/\/robot.horusdynamics.com\/robots\/#website\",\"url\":\"https:\/\/robot.horusdynamics.com\/robots\/\",\"name\":\"Robot Store\",\"description\":\"Ispezioni e Sorveglianza\",\"publisher\":{\"@id\":\"https:\/\/robot.horusdynamics.com\/robots\/#organization\"},\"potentialAction\":[{\"@type\":\"SearchAction\",\"target\":{\"@type\":\"EntryPoint\",\"urlTemplate\":\"https:\/\/robot.horusdynamics.com\/robots\/?s={search_term_string}\"},\"query-input\":\"required name=search_term_string\"}],\"inLanguage\":\"it-IT\"},{\"@type\":\"Organization\",\"@id\":\"https:\/\/robot.horusdynamics.com\/robots\/#organization\",\"name\":\"Robot Store\",\"url\":\"https:\/\/robot.horusdynamics.com\/robots\/\",\"logo\":{\"@type\":\"ImageObject\",\"inLanguage\":\"it-IT\",\"@id\":\"https:\/\/robot.horusdynamics.com\/robots\/#\/schema\/logo\/image\/\",\"url\":\"https:\/\/robot.horusdynamics.com\/robots\/wp-content\/uploads\/sites\/2\/2019\/09\/vendita-robot-Horus-Dynamics.png\",\"contentUrl\":\"https:\/\/robot.horusdynamics.com\/robots\/wp-content\/uploads\/sites\/2\/2019\/09\/vendita-robot-Horus-Dynamics.png\",\"width\":120,\"height\":69,\"caption\":\"Robot Store\"},\"image\":{\"@id\":\"https:\/\/robot.horusdynamics.com\/robots\/#\/schema\/logo\/image\/\"}}]}<\/script>\n<!-- \/ Yoast SEO plugin. -->","yoast_head_json":{"title":"RB-Sherpa Advanced Mobility Research Platform - Robot Store","robots":{"index":"index","follow":"follow","max-snippet":"max-snippet:-1","max-image-preview":"max-image-preview:large","max-video-preview":"max-video-preview:-1"},"canonical":"https:\/\/robot.horusdynamics.com\/robots\/s\/rb-sherpa-advanced-mobility-research-platform\/","og_locale":"it_IT","og_type":"article","og_title":"RB-Sherpa Advanced Mobility Research Platform - Robot Store","og_description":"\u00a0Ordine speciale  * Questo \u00e8 un articolo di ordine speciale.\u00a0Lo ordineremo per te non appena effettui l'ordine. La nostra normale disponibilit\u00e0 per la maggior parte dei prodotti \u00e8 compresa tra 2 e 6 settimane.   Spedizione gratuita su questo articolo      Piattaforma mobile per uso generale  Progettato per indirizzare le attivit\u00e0 logistiche  Pu\u00f2 seguire un operatore umano  Per ambienti interni ed esterni","og_url":"https:\/\/robot.horusdynamics.com\/robots\/s\/rb-sherpa-advanced-mobility-research-platform\/","og_site_name":"Robot Store","article_modified_time":"2019-07-12T17:01:10+00:00","og_image":[{"width":900,"height":900,"url":"https:\/\/robot.horusdynamics.com\/robots\/wp-content\/uploads\/sites\/2\/2019\/07\/rb-sherpa-advanced-mobility-research-platform-1.jpg","type":"image\/jpeg"}],"twitter_card":"summary_large_image","twitter_misc":{"Tempo di lettura stimato":"1 minuto"},"schema":{"@context":"https:\/\/schema.org","@graph":[{"@type":"WebPage","@id":"https:\/\/robot.horusdynamics.com\/robots\/s\/rb-sherpa-advanced-mobility-research-platform\/","url":"https:\/\/robot.horusdynamics.com\/robots\/s\/rb-sherpa-advanced-mobility-research-platform\/","name":"RB-Sherpa Advanced Mobility Research Platform - Robot Store","isPartOf":{"@id":"https:\/\/robot.horusdynamics.com\/robots\/#website"},"primaryImageOfPage":{"@id":"https:\/\/robot.horusdynamics.com\/robots\/s\/rb-sherpa-advanced-mobility-research-platform\/#primaryimage"},"image":{"@id":"https:\/\/robot.horusdynamics.com\/robots\/s\/rb-sherpa-advanced-mobility-research-platform\/#primaryimage"},"thumbnailUrl":"https:\/\/robot.horusdynamics.com\/robots\/wp-content\/uploads\/sites\/2\/2019\/07\/rb-sherpa-advanced-mobility-research-platform-1.jpg","datePublished":"2019-07-12T17:00:07+00:00","dateModified":"2019-07-12T17:01:10+00:00","breadcrumb":{"@id":"https:\/\/robot.horusdynamics.com\/robots\/s\/rb-sherpa-advanced-mobility-research-platform\/#breadcrumb"},"inLanguage":"it-IT","potentialAction":[{"@type":"ReadAction","target":["https:\/\/robot.horusdynamics.com\/robots\/s\/rb-sherpa-advanced-mobility-research-platform\/"]}]},{"@type":"ImageObject","inLanguage":"it-IT","@id":"https:\/\/robot.horusdynamics.com\/robots\/s\/rb-sherpa-advanced-mobility-research-platform\/#primaryimage","url":"https:\/\/robot.horusdynamics.com\/robots\/wp-content\/uploads\/sites\/2\/2019\/07\/rb-sherpa-advanced-mobility-research-platform-1.jpg","contentUrl":"https:\/\/robot.horusdynamics.com\/robots\/wp-content\/uploads\/sites\/2\/2019\/07\/rb-sherpa-advanced-mobility-research-platform-1.jpg","width":900,"height":900},{"@type":"BreadcrumbList","@id":"https:\/\/robot.horusdynamics.com\/robots\/s\/rb-sherpa-advanced-mobility-research-platform\/#breadcrumb","itemListElement":[{"@type":"ListItem","position":1,"name":"Home","item":"https:\/\/robot.horusdynamics.com\/robots\/"},{"@type":"ListItem","position":2,"name":"Shop","item":"https:\/\/robot.horusdynamics.com\/robots\/"},{"@type":"ListItem","position":3,"name":"RB-Sherpa Advanced Mobility Research Platform"}]},{"@type":"WebSite","@id":"https:\/\/robot.horusdynamics.com\/robots\/#website","url":"https:\/\/robot.horusdynamics.com\/robots\/","name":"Robot Store","description":"Ispezioni e Sorveglianza","publisher":{"@id":"https:\/\/robot.horusdynamics.com\/robots\/#organization"},"potentialAction":[{"@type":"SearchAction","target":{"@type":"EntryPoint","urlTemplate":"https:\/\/robot.horusdynamics.com\/robots\/?s={search_term_string}"},"query-input":"required name=search_term_string"}],"inLanguage":"it-IT"},{"@type":"Organization","@id":"https:\/\/robot.horusdynamics.com\/robots\/#organization","name":"Robot Store","url":"https:\/\/robot.horusdynamics.com\/robots\/","logo":{"@type":"ImageObject","inLanguage":"it-IT","@id":"https:\/\/robot.horusdynamics.com\/robots\/#\/schema\/logo\/image\/","url":"https:\/\/robot.horusdynamics.com\/robots\/wp-content\/uploads\/sites\/2\/2019\/09\/vendita-robot-Horus-Dynamics.png","contentUrl":"https:\/\/robot.horusdynamics.com\/robots\/wp-content\/uploads\/sites\/2\/2019\/09\/vendita-robot-Horus-Dynamics.png","width":120,"height":69,"caption":"Robot Store"},"image":{"@id":"https:\/\/robot.horusdynamics.com\/robots\/#\/schema\/logo\/image\/"}}]}},"_links":{"self":[{"href":"https:\/\/robot.horusdynamics.com\/robots\/wp-json\/wp\/v2\/product\/82"}],"collection":[{"href":"https:\/\/robot.horusdynamics.com\/robots\/wp-json\/wp\/v2\/product"}],"about":[{"href":"https:\/\/robot.horusdynamics.com\/robots\/wp-json\/wp\/v2\/types\/product"}],"wp:featuredmedia":[{"embeddable":true,"href":"https:\/\/robot.horusdynamics.com\/robots\/wp-json\/wp\/v2\/media\/84"}],"wp:attachment":[{"href":"https:\/\/robot.horusdynamics.com\/robots\/wp-json\/wp\/v2\/media?parent=82"}],"wp:term":[{"taxonomy":"product_cat","embeddable":true,"href":"https:\/\/robot.horusdynamics.com\/robots\/wp-json\/wp\/v2\/product_cat?post=82"},{"taxonomy":"product_tag","embeddable":true,"href":"https:\/\/robot.horusdynamics.com\/robots\/wp-json\/wp\/v2\/product_tag?post=82"}],"curies":[{"name":"wp","href":"https:\/\/api.w.org\/{rel}","templated":true}]}}