{"id":56,"date":"2019-07-12T17:02:40","date_gmt":"2019-07-12T15:02:40","guid":{"rendered":"https:\/\/robot.horusdynamics.com\/robots\/?post_type=product&#038;p=56"},"modified":"2024-03-14T10:10:11","modified_gmt":"2024-03-14T09:10:11","slug":"inspectorbots-minibot-surveillance-and-inspection-robot","status":"publish","type":"product","link":"https:\/\/robot.horusdynamics.com\/robots\/s\/inspectorbots-minibot-surveillance-and-inspection-robot\/","title":{"rendered":"Inspectorbots Minibot Surveillance and Inspection Robot"},"content":{"rendered":"<div class=\"product-availability-region\">\n<div>\n<div class=\"availabilityContainer\"><\/div>\n<\/div>\n<\/div>\n<p>Piattaforma a 4 ruote motrici<br \/>\nRobot piccolo, leggero e conveniente progettato per la sorveglianza<br \/>\nTutto il corpo in alluminio<br \/>\nResistente all&#8217;acqua<br \/>\nPendenza massima: 30 gradi<br \/>\nLa sorveglianza e ispezione Robot Inspectorbots Minibot \u00e8 un piccolo leggero robot, acquistabile progettato per la sorveglianza, ricognizione e ispezione. \u00c8 una piattaforma rinforzata con una fotocamera a infrarossi, un guscio resistente all&#8217;acqua e la possibilit\u00e0 di accendere una monetina. \u00c8 progettato per molteplici applicazioni come l&#8217;applicazione della legge, l&#8217;ingegneria e l&#8217;ispezione degli edifici.<\/p>\n<p>Questo robot agile ea basso profilo include l&#8217;unit\u00e0 di controllo OCU o Operators, che contiene il ricevitore audio \/ video, un monitor, un controller radio e le batterie in una robusta custodia per il trasporto. Il feed video live pu\u00f2 essere utilizzato per navigare sulla piattaforma o trasmettere immagini di ci\u00f2 che vede. Il video pu\u00f2 anche essere registrato con un DVR opzionale. Il Minibot \u00e8 completamente assemblato e pronto all&#8217;uso. Include quattro motori e un controller motore rigenerativo Sabertooth.<\/p>\n<p>Inspectorbots Minibot Surveillance and Inspection Robot<\/p>\n<p>Veicolo:<br \/>\nveicolo elettrico a 4 ruote motrici con cambio di coppia elevato, motore e batterie ricaricabili. \u00c8 possibile caricare il Minibot sul campo con i propri veicoli da 12 volt. Il Minibot \u00e8 perfetto per spazi ristretti o operazioni remote. \u00c8 leggero &#8211; solo 9 libbre.<\/p>\n<p>Sistema di visione:<br \/>\ncompletamente mobile: non richiede CA. Questo \u00e8 un sistema stabile e affidabile. Comprende una fotocamera lux di lusso. Con il suo trasmettitore e ricevitore ad alta potenza puoi vedere dove non puoi vedere.<\/p>\n<p>Questo \u00e8 un UVV FPV telecomandato. Visuale in prima persona, veicolo a terra senza equipaggio. Lo controlli come se fossi all&#8217;interno del veicolo stesso. Rilascialo in un ambiente pericoloso e registra il video mentre guardi in alto, in basso, a sinistra, a destra e ovunque, mentre sei alla guida mentre sei seduto in un luogo sicuro e confortevole.<\/p>\n<p>Inspectorbots Minibot Surveillance and Inspection Robot<\/p>\n<p>Caratteristiche:<\/p>\n<p>Telecamera a colori compatta<br \/>\nCompletamente mobile: non \u00e8 richiesta alcuna corrente alternata<br \/>\nFPV (Visuale in prima persona)<br \/>\nTrasmettitore \/ ricevitore ad alta potenza<br \/>\nUnit\u00e0 di controllo operatori<br \/>\nTelecamera a infrarossi (visione notturna)<br \/>\nFeed dal vivo<br \/>\nVideo registrabile<br \/>\nRealt\u00e0 virtuale pronta<br \/>\nImplementazione rapida<br \/>\nGamma 250 Ft. LOS<br \/>\nInspectorbots Minibot Surveillance and Inspection Robot<\/p>\n<p>applicazioni:<\/p>\n<p>Controllo dello spazio di scansione<br \/>\nInstallazione cavo \/ cavo<br \/>\nSorveglianza<br \/>\nRicognizione<br \/>\nIspezione sotto i veicoli<br \/>\nReclami di assicurazione<br \/>\nForze dell&#8217;ordine<br \/>\nMilitare<br \/>\nIndagine segreta<br \/>\nControllo dei parassiti<br \/>\nTattico \/ SWAT<br \/>\nIspezione HVAC<br \/>\nRipristino di emergenza<br \/>\nAuditing energetico<br \/>\nIspezione degli edifici<br \/>\nImpianto chimico<br \/>\nLa consapevolezza della situazione<br \/>\nIngegneria<\/p>\n","protected":false},"excerpt":{"rendered":"<div class=\"product-availability-region\">\n<div>\n<div class=\"availabilityContainer\">\n<p class=\"availability special-order\">\u00a0Ordine speciale<\/p>\n<div class=\"special\">* Questo \u00e8 un articolo di ordine speciale.\u00a0Lo ordineremo per te non appena effettui l&#8217;ordine.<\/div>\n<\/div>\n<div class=\"product-icon\"><\/div>\n<div class=\"free-ship\">Spedizione gratuita su questo articolo<\/div>\n<\/div>\n<\/div>\n<div class=\"productShortDescription\">\n<ul>\n<li>Piattaforma a 4 ruote motrici<\/li>\n<li>Robot piccolo, leggero e conveniente progettato per la sorveglianza<\/li>\n<li>Tutto il corpo in alluminio<\/li>\n<li>Resistente all&#8217;acqua<\/li>\n<li>Pendenza massima: 30 gradi<\/li>\n<\/ul>\n<p>Specifiche:<\/p>\n<\/div>\n<ul>\n<li><span>Ruote in alluminio billet<\/span><\/li>\n<li><span>Carry handle<\/span><\/li>\n<li><span>Facile \/ intuitivo da usare<\/span><\/li>\n<li><span>Motori Hi-Torque<\/span><\/li>\n<li><span>Leggero: solo 9 libbre<\/span><\/li>\n<li><span>Profilo basso: perfetto per l&#8217;ispezione di veicoli<\/span><\/li>\n<li><span>Carico utile: 7 lb<\/span><\/li>\n<li><span>Runtime: 1,5 ore<\/span><\/li>\n<li><span>Viteria in acciaio inossidabile<\/span><\/li>\n<li><span>Interasse: 7,5 &#8220;<\/span><\/li>\n<li><span>Velocit\u00e0 minima: 0,06 m \/ s<\/span><\/li>\n<li><span>Velocit\u00e0 massima: 1,66 m \/ s (3,7 mph)<\/span><\/li>\n<li><span>Pendenza massima: 30 gradi<\/span><\/li>\n<li><span>Altezza libera dal suolo: 1,5 &#8221;<\/span><\/li>\n<\/ul>\n","protected":false},"featured_media":61,"template":"","meta":[],"product_cat":[20],"product_tag":[],"yoast_head":"<!-- This site is optimized with the Yoast SEO plugin v23.0 - https:\/\/yoast.com\/wordpress\/plugins\/seo\/ -->\n<title>Inspectorbots Minibot Surveillance and Inspection Robot - Robot Store<\/title>\n<meta name=\"robots\" content=\"index, follow, max-snippet:-1, max-image-preview:large, max-video-preview:-1\" \/>\n<link rel=\"canonical\" href=\"https:\/\/robot.horusdynamics.com\/robots\/s\/inspectorbots-minibot-surveillance-and-inspection-robot\/\" \/>\n<meta property=\"og:locale\" content=\"it_IT\" \/>\n<meta property=\"og:type\" content=\"article\" \/>\n<meta property=\"og:title\" content=\"Inspectorbots Minibot Surveillance and Inspection Robot - Robot Store\" \/>\n<meta property=\"og:description\" content=\"\u00a0Ordine speciale  * Questo \u00e8 un articolo di ordine speciale.\u00a0Lo ordineremo per te non appena effettui l&#039;ordine.   Spedizione gratuita su questo articolo      Piattaforma a 4 ruote motrici  Robot piccolo, leggero e conveniente progettato per la sorveglianza  Tutto il corpo in alluminio  Resistente all&#039;acqua  Pendenza massima: 30 gradi  Specifiche:     Ruote in alluminio billet  Carry handle  Facile \/ intuitivo da usare  Motori Hi-Torque  Leggero: solo 9 libbre  Profilo basso: perfetto per l&#039;ispezione di veicoli  Carico utile: 7 lb  Runtime: 1,5 ore  Viteria in acciaio inossidabile  Interasse: 7,5 &quot;  Velocit\u00e0 minima: 0,06 m \/ s  Velocit\u00e0 massima: 1,66 m \/ s (3,7 mph)  Pendenza massima: 30 gradi  Altezza libera dal suolo: 1,5 &#039;&#039;\" \/>\n<meta property=\"og:url\" content=\"https:\/\/robot.horusdynamics.com\/robots\/s\/inspectorbots-minibot-surveillance-and-inspection-robot\/\" \/>\n<meta property=\"og:site_name\" content=\"Robot Store\" \/>\n<meta property=\"article:modified_time\" content=\"2024-03-14T09:10:11+00:00\" \/>\n<meta property=\"og:image\" content=\"https:\/\/robot.horusdynamics.com\/robots\/wp-content\/uploads\/sites\/2\/2019\/07\/inspectorbots-minibot-surveillance-inspection-robot-17.jpg\" \/>\n\t<meta property=\"og:image:width\" content=\"900\" \/>\n\t<meta property=\"og:image:height\" content=\"900\" \/>\n\t<meta property=\"og:image:type\" content=\"image\/jpeg\" \/>\n<meta name=\"twitter:card\" content=\"summary_large_image\" \/>\n<meta name=\"twitter:label1\" content=\"Tempo di lettura stimato\" \/>\n\t<meta name=\"twitter:data1\" content=\"2 minuti\" \/>\n<script type=\"application\/ld+json\" class=\"yoast-schema-graph\">{\"@context\":\"https:\/\/schema.org\",\"@graph\":[{\"@type\":\"WebPage\",\"@id\":\"https:\/\/robot.horusdynamics.com\/robots\/s\/inspectorbots-minibot-surveillance-and-inspection-robot\/\",\"url\":\"https:\/\/robot.horusdynamics.com\/robots\/s\/inspectorbots-minibot-surveillance-and-inspection-robot\/\",\"name\":\"Inspectorbots Minibot Surveillance and Inspection Robot - Robot Store\",\"isPartOf\":{\"@id\":\"https:\/\/robot.horusdynamics.com\/robots\/#website\"},\"primaryImageOfPage\":{\"@id\":\"https:\/\/robot.horusdynamics.com\/robots\/s\/inspectorbots-minibot-surveillance-and-inspection-robot\/#primaryimage\"},\"image\":{\"@id\":\"https:\/\/robot.horusdynamics.com\/robots\/s\/inspectorbots-minibot-surveillance-and-inspection-robot\/#primaryimage\"},\"thumbnailUrl\":\"https:\/\/robot.horusdynamics.com\/robots\/wp-content\/uploads\/sites\/2\/2019\/07\/inspectorbots-minibot-surveillance-inspection-robot-17.jpg\",\"datePublished\":\"2019-07-12T15:02:40+00:00\",\"dateModified\":\"2024-03-14T09:10:11+00:00\",\"breadcrumb\":{\"@id\":\"https:\/\/robot.horusdynamics.com\/robots\/s\/inspectorbots-minibot-surveillance-and-inspection-robot\/#breadcrumb\"},\"inLanguage\":\"it-IT\",\"potentialAction\":[{\"@type\":\"ReadAction\",\"target\":[\"https:\/\/robot.horusdynamics.com\/robots\/s\/inspectorbots-minibot-surveillance-and-inspection-robot\/\"]}]},{\"@type\":\"ImageObject\",\"inLanguage\":\"it-IT\",\"@id\":\"https:\/\/robot.horusdynamics.com\/robots\/s\/inspectorbots-minibot-surveillance-and-inspection-robot\/#primaryimage\",\"url\":\"https:\/\/robot.horusdynamics.com\/robots\/wp-content\/uploads\/sites\/2\/2019\/07\/inspectorbots-minibot-surveillance-inspection-robot-17.jpg\",\"contentUrl\":\"https:\/\/robot.horusdynamics.com\/robots\/wp-content\/uploads\/sites\/2\/2019\/07\/inspectorbots-minibot-surveillance-inspection-robot-17.jpg\",\"width\":900,\"height\":900},{\"@type\":\"BreadcrumbList\",\"@id\":\"https:\/\/robot.horusdynamics.com\/robots\/s\/inspectorbots-minibot-surveillance-and-inspection-robot\/#breadcrumb\",\"itemListElement\":[{\"@type\":\"ListItem\",\"position\":1,\"name\":\"Home\",\"item\":\"https:\/\/robot.horusdynamics.com\/robots\/\"},{\"@type\":\"ListItem\",\"position\":2,\"name\":\"Shop\",\"item\":\"https:\/\/robot.horusdynamics.com\/robots\/\"},{\"@type\":\"ListItem\",\"position\":3,\"name\":\"Inspectorbots Minibot Surveillance and Inspection Robot\"}]},{\"@type\":\"WebSite\",\"@id\":\"https:\/\/robot.horusdynamics.com\/robots\/#website\",\"url\":\"https:\/\/robot.horusdynamics.com\/robots\/\",\"name\":\"Robot Store\",\"description\":\"Ispezioni e Sorveglianza\",\"publisher\":{\"@id\":\"https:\/\/robot.horusdynamics.com\/robots\/#organization\"},\"potentialAction\":[{\"@type\":\"SearchAction\",\"target\":{\"@type\":\"EntryPoint\",\"urlTemplate\":\"https:\/\/robot.horusdynamics.com\/robots\/?s={search_term_string}\"},\"query-input\":\"required name=search_term_string\"}],\"inLanguage\":\"it-IT\"},{\"@type\":\"Organization\",\"@id\":\"https:\/\/robot.horusdynamics.com\/robots\/#organization\",\"name\":\"Robot Store\",\"url\":\"https:\/\/robot.horusdynamics.com\/robots\/\",\"logo\":{\"@type\":\"ImageObject\",\"inLanguage\":\"it-IT\",\"@id\":\"https:\/\/robot.horusdynamics.com\/robots\/#\/schema\/logo\/image\/\",\"url\":\"https:\/\/robot.horusdynamics.com\/robots\/wp-content\/uploads\/sites\/2\/2019\/09\/vendita-robot-Horus-Dynamics.png\",\"contentUrl\":\"https:\/\/robot.horusdynamics.com\/robots\/wp-content\/uploads\/sites\/2\/2019\/09\/vendita-robot-Horus-Dynamics.png\",\"width\":120,\"height\":69,\"caption\":\"Robot Store\"},\"image\":{\"@id\":\"https:\/\/robot.horusdynamics.com\/robots\/#\/schema\/logo\/image\/\"}}]}<\/script>\n<!-- \/ Yoast SEO plugin. -->","yoast_head_json":{"title":"Inspectorbots Minibot Surveillance and Inspection Robot - Robot Store","robots":{"index":"index","follow":"follow","max-snippet":"max-snippet:-1","max-image-preview":"max-image-preview:large","max-video-preview":"max-video-preview:-1"},"canonical":"https:\/\/robot.horusdynamics.com\/robots\/s\/inspectorbots-minibot-surveillance-and-inspection-robot\/","og_locale":"it_IT","og_type":"article","og_title":"Inspectorbots Minibot Surveillance and Inspection Robot - Robot Store","og_description":"\u00a0Ordine speciale  * Questo \u00e8 un articolo di ordine speciale.\u00a0Lo ordineremo per te non appena effettui l'ordine.   Spedizione gratuita su questo articolo      Piattaforma a 4 ruote motrici  Robot piccolo, leggero e conveniente progettato per la sorveglianza  Tutto il corpo in alluminio  Resistente all'acqua  Pendenza massima: 30 gradi  Specifiche:     Ruote in alluminio billet  Carry handle  Facile \/ intuitivo da usare  Motori Hi-Torque  Leggero: solo 9 libbre  Profilo basso: perfetto per l'ispezione di veicoli  Carico utile: 7 lb  Runtime: 1,5 ore  Viteria in acciaio inossidabile  Interasse: 7,5 \"  Velocit\u00e0 minima: 0,06 m \/ s  Velocit\u00e0 massima: 1,66 m \/ s (3,7 mph)  Pendenza massima: 30 gradi  Altezza libera dal suolo: 1,5 ''","og_url":"https:\/\/robot.horusdynamics.com\/robots\/s\/inspectorbots-minibot-surveillance-and-inspection-robot\/","og_site_name":"Robot Store","article_modified_time":"2024-03-14T09:10:11+00:00","og_image":[{"width":900,"height":900,"url":"https:\/\/robot.horusdynamics.com\/robots\/wp-content\/uploads\/sites\/2\/2019\/07\/inspectorbots-minibot-surveillance-inspection-robot-17.jpg","type":"image\/jpeg"}],"twitter_card":"summary_large_image","twitter_misc":{"Tempo di lettura stimato":"2 minuti"},"schema":{"@context":"https:\/\/schema.org","@graph":[{"@type":"WebPage","@id":"https:\/\/robot.horusdynamics.com\/robots\/s\/inspectorbots-minibot-surveillance-and-inspection-robot\/","url":"https:\/\/robot.horusdynamics.com\/robots\/s\/inspectorbots-minibot-surveillance-and-inspection-robot\/","name":"Inspectorbots Minibot Surveillance and Inspection Robot - Robot Store","isPartOf":{"@id":"https:\/\/robot.horusdynamics.com\/robots\/#website"},"primaryImageOfPage":{"@id":"https:\/\/robot.horusdynamics.com\/robots\/s\/inspectorbots-minibot-surveillance-and-inspection-robot\/#primaryimage"},"image":{"@id":"https:\/\/robot.horusdynamics.com\/robots\/s\/inspectorbots-minibot-surveillance-and-inspection-robot\/#primaryimage"},"thumbnailUrl":"https:\/\/robot.horusdynamics.com\/robots\/wp-content\/uploads\/sites\/2\/2019\/07\/inspectorbots-minibot-surveillance-inspection-robot-17.jpg","datePublished":"2019-07-12T15:02:40+00:00","dateModified":"2024-03-14T09:10:11+00:00","breadcrumb":{"@id":"https:\/\/robot.horusdynamics.com\/robots\/s\/inspectorbots-minibot-surveillance-and-inspection-robot\/#breadcrumb"},"inLanguage":"it-IT","potentialAction":[{"@type":"ReadAction","target":["https:\/\/robot.horusdynamics.com\/robots\/s\/inspectorbots-minibot-surveillance-and-inspection-robot\/"]}]},{"@type":"ImageObject","inLanguage":"it-IT","@id":"https:\/\/robot.horusdynamics.com\/robots\/s\/inspectorbots-minibot-surveillance-and-inspection-robot\/#primaryimage","url":"https:\/\/robot.horusdynamics.com\/robots\/wp-content\/uploads\/sites\/2\/2019\/07\/inspectorbots-minibot-surveillance-inspection-robot-17.jpg","contentUrl":"https:\/\/robot.horusdynamics.com\/robots\/wp-content\/uploads\/sites\/2\/2019\/07\/inspectorbots-minibot-surveillance-inspection-robot-17.jpg","width":900,"height":900},{"@type":"BreadcrumbList","@id":"https:\/\/robot.horusdynamics.com\/robots\/s\/inspectorbots-minibot-surveillance-and-inspection-robot\/#breadcrumb","itemListElement":[{"@type":"ListItem","position":1,"name":"Home","item":"https:\/\/robot.horusdynamics.com\/robots\/"},{"@type":"ListItem","position":2,"name":"Shop","item":"https:\/\/robot.horusdynamics.com\/robots\/"},{"@type":"ListItem","position":3,"name":"Inspectorbots Minibot Surveillance and Inspection Robot"}]},{"@type":"WebSite","@id":"https:\/\/robot.horusdynamics.com\/robots\/#website","url":"https:\/\/robot.horusdynamics.com\/robots\/","name":"Robot Store","description":"Ispezioni e Sorveglianza","publisher":{"@id":"https:\/\/robot.horusdynamics.com\/robots\/#organization"},"potentialAction":[{"@type":"SearchAction","target":{"@type":"EntryPoint","urlTemplate":"https:\/\/robot.horusdynamics.com\/robots\/?s={search_term_string}"},"query-input":"required name=search_term_string"}],"inLanguage":"it-IT"},{"@type":"Organization","@id":"https:\/\/robot.horusdynamics.com\/robots\/#organization","name":"Robot Store","url":"https:\/\/robot.horusdynamics.com\/robots\/","logo":{"@type":"ImageObject","inLanguage":"it-IT","@id":"https:\/\/robot.horusdynamics.com\/robots\/#\/schema\/logo\/image\/","url":"https:\/\/robot.horusdynamics.com\/robots\/wp-content\/uploads\/sites\/2\/2019\/09\/vendita-robot-Horus-Dynamics.png","contentUrl":"https:\/\/robot.horusdynamics.com\/robots\/wp-content\/uploads\/sites\/2\/2019\/09\/vendita-robot-Horus-Dynamics.png","width":120,"height":69,"caption":"Robot Store"},"image":{"@id":"https:\/\/robot.horusdynamics.com\/robots\/#\/schema\/logo\/image\/"}}]}},"_links":{"self":[{"href":"https:\/\/robot.horusdynamics.com\/robots\/wp-json\/wp\/v2\/product\/56"}],"collection":[{"href":"https:\/\/robot.horusdynamics.com\/robots\/wp-json\/wp\/v2\/product"}],"about":[{"href":"https:\/\/robot.horusdynamics.com\/robots\/wp-json\/wp\/v2\/types\/product"}],"wp:featuredmedia":[{"embeddable":true,"href":"https:\/\/robot.horusdynamics.com\/robots\/wp-json\/wp\/v2\/media\/61"}],"wp:attachment":[{"href":"https:\/\/robot.horusdynamics.com\/robots\/wp-json\/wp\/v2\/media?parent=56"}],"wp:term":[{"taxonomy":"product_cat","embeddable":true,"href":"https:\/\/robot.horusdynamics.com\/robots\/wp-json\/wp\/v2\/product_cat?post=56"},{"taxonomy":"product_tag","embeddable":true,"href":"https:\/\/robot.horusdynamics.com\/robots\/wp-json\/wp\/v2\/product_tag?post=56"}],"curies":[{"name":"wp","href":"https:\/\/api.w.org\/{rel}","templated":true}]}}