{"id":40,"date":"2019-07-12T16:31:43","date_gmt":"2019-07-12T14:31:43","guid":{"rendered":"https:\/\/robot.horusdynamics.com\/robots\/?post_type=product&#038;p=40"},"modified":"2024-03-14T12:01:43","modified_gmt":"2024-03-14T11:01:43","slug":"robot-per-ispezione-tubi-e-condotte","status":"publish","type":"product","link":"https:\/\/robot.horusdynamics.com\/robots\/s\/robot-per-ispezione-tubi-e-condotte\/","title":{"rendered":"Robot per ispezione tubi e condotte"},"content":{"rendered":"<div id=\"ali-anchor-AliPostDhMb-nenrn\" data-section=\"AliPostDhMb-nenrn\" data-section-title=\"Product Description\">\n<div>\n<p>\u00c8 composto da robot di scansione, telecamera, cavo e controller principale.\u00a0Il robot pu\u00f2 funzionare con pi\u00f9\u00a0raggi. Il controller pu\u00f2 regolare la velocit\u00e0 di scansione del robot, andare avanti, tornare indietro, pu\u00f2 anche essere\u00a0controllato;\u00a0la fotocamera per\u00a0\u00a0andare<\/p>\n<p>su e gi\u00f9, girare intorno, regolare la luminosit\u00e0, ruotare la fotocamera, zoom di messa a fuoco, cambiare la\u00a0vista\u00a0anteriore \/\u00a0posteriore.<\/p>\n<p>Il controller pu\u00f2 visualizzare lo stato di funzionamento del robot\u00a0\u00a0, nonch\u00e9 la pressione, la distanza di strisciamento dell&#8217;incidenza, la gomma della data<\/p>\n<p>e cos\u00ec via.<\/p>\n<\/div>\n<\/div>\n<div id=\"ali-anchor-AliPostDhMb-c4jml\" data-section=\"AliPostDhMb-c4jml\" data-section-title=\"Features\">\n<div id=\"ali-title-AliPostDhMb-c4jml\">Caratteristiche<\/div>\n<div>\n<p>&nbsp;<\/p>\n<p>1. Grado di protezione:\u00a0\u00a0IP68.<\/p>\n<p>2. protezione a tenuta d&#8217;aria,\u00a0\u00a0pu\u00f2 funzionare sotto 10m di acqua<\/p>\n<p>3. Diametro della condotta:\u00a010 ~ 30 cm<\/p>\n<p>4. Temperatura di funzionamento:\u00a0\u00a0-25 ~ 50 \u00b0 C<\/p>\n<p>5. 4 ruote motrici, la\u00a0\u00a0velocit\u00e0 massima pu\u00f2 raggiungere i 30 m \/ min<\/p>\n<p>6. Grado di difficolt\u00e0:\u00a00-90 \u00b0<\/p>\n<p>7. Protezione del circuito, protezione del\u00a0\u00a0motore\u00a0, sovratensione, protezione da sovratensione<\/p>\n<p>8. 12 sorgenti luminose a LED ad alta luminosit\u00e0\u00a0, potenza massima 90 W, intensit\u00e0 di illuminazione 1500cd<\/p>\n<p>9. Obiettivo posteriore, c&#8217;\u00e8 una lente sul retro per aiutare il recupero del cingolato,\u00a0\u00a0pu\u00f2 ispezionare il cavo \u00e8 ben finito.<\/p>\n<p>10. Trova la funzione.\u00a0\u00a0Costruisci nel progetto del segnale per localizzare il robot<\/p>\n<p>11. Buona compatibilit\u00e0,\u00a0\u00a0pu\u00f2 funzionare con pi\u00f9 modelli, cavi e lenti.<\/p>\n<p>&nbsp;<\/p>\n<\/div>\n<\/div>\n<div id=\"ali-anchor-AliPostDhMb-g4h4h\" data-section=\"AliPostDhMb-g4h4h\" data-section-title=\"Specifications\">\n<div id=\"ali-title-AliPostDhMb-g4h4h\">Specifiche<\/div>\n<div>\n<p>&nbsp;<\/p>\n<table class=\"aliDataTable\">\n<tbody>\n<tr align=\"left\">\n<td valign=\"top\">Display<\/td>\n<td valign=\"top\">TFT-LCD da 7 pollici<\/td>\n<\/tr>\n<tr align=\"left\">\n<td valign=\"top\">Sollevamento della fotocamera<\/td>\n<td valign=\"top\">Caduta elettrica 266mm<\/td>\n<\/tr>\n<tr align=\"left\">\n<td valign=\"top\">Angolazione della telecamera<\/td>\n<td valign=\"top\">140\u00a0\u00b0<\/td>\n<\/tr>\n<tr align=\"left\">\n<td valign=\"top\">Cavo di prova<\/td>\n<td valign=\"top\">10m-160m<\/td>\n<\/tr>\n<tr align=\"left\">\n<td valign=\"top\">Diametro del tubo<\/td>\n<td valign=\"top\">10-30cm<\/td>\n<\/tr>\n<tr align=\"left\">\n<td valign=\"top\">Pixel<\/td>\n<td valign=\"top\">4800000 (720 * 480)<\/td>\n<\/tr>\n<tr align=\"left\">\n<td valign=\"top\">crawler<\/td>\n<td valign=\"top\">4 ruote, 4 motori<\/td>\n<\/tr>\n<\/tbody>\n<\/table>\n<p>&nbsp;<\/p>\n<p>&nbsp;<\/p>\n<\/div>\n<\/div>\n<div id=\"ali-anchor-AliPostDhMb-i70fw\" data-section=\"AliPostDhMb-i70fw\" data-section-title=\"Schematic View\">\n<div id=\"ali-title-AliPostDhMb-i70fw\"><\/div>\n<div><\/div>\n<\/div>\n","protected":false},"excerpt":{"rendered":"<p>\u00c8 composto da robot di scansione, telecamera, cavo e controller principale.\u00a0Il robot pu\u00f2 funzionare con pi\u00f9\u00a0raggi. Il controller pu\u00f2 regolare la velocit\u00e0 di scansione del robot, andare avanti, tornare indietro, pu\u00f2 anche essere\u00a0controllato;\u00a0la fotocamera per\u00a0\u00a0andare su e gi\u00f9, girare intorno, regolare la luminosit\u00e0, ruotare la fotocamera, zoom di messa a fuoco, cambiare la\u00a0vista\u00a0anteriore \/\u00a0posteriore. Il [&hellip;]<\/p>\n","protected":false},"featured_media":38,"template":"","meta":[],"product_cat":[20],"product_tag":[25],"yoast_head":"<!-- This site is optimized with the Yoast SEO plugin v23.0 - https:\/\/yoast.com\/wordpress\/plugins\/seo\/ -->\n<title>Robot per ispezione tubi e condotte - Robot Store<\/title>\n<meta name=\"robots\" content=\"index, follow, max-snippet:-1, max-image-preview:large, max-video-preview:-1\" \/>\n<link rel=\"canonical\" href=\"https:\/\/robot.horusdynamics.com\/robots\/s\/robot-per-ispezione-tubi-e-condotte\/\" \/>\n<meta property=\"og:locale\" content=\"it_IT\" \/>\n<meta property=\"og:type\" content=\"article\" \/>\n<meta property=\"og:title\" content=\"Robot per ispezione tubi e condotte - Robot Store\" \/>\n<meta property=\"og:description\" content=\"\u00c8 composto da robot di scansione, telecamera, cavo e controller principale.\u00a0Il robot pu\u00f2 funzionare con pi\u00f9\u00a0raggi. Il controller pu\u00f2 regolare la velocit\u00e0 di scansione del robot, andare avanti, tornare indietro, pu\u00f2 anche essere\u00a0controllato;\u00a0la fotocamera per\u00a0\u00a0andare su e gi\u00f9, girare intorno, regolare la luminosit\u00e0, ruotare la fotocamera, zoom di messa a fuoco, cambiare la\u00a0vista\u00a0anteriore \/\u00a0posteriore. Il [&hellip;]\" \/>\n<meta property=\"og:url\" content=\"https:\/\/robot.horusdynamics.com\/robots\/s\/robot-per-ispezione-tubi-e-condotte\/\" \/>\n<meta property=\"og:site_name\" content=\"Robot Store\" \/>\n<meta property=\"article:modified_time\" content=\"2024-03-14T11:01:43+00:00\" \/>\n<meta property=\"og:image\" content=\"https:\/\/robot.horusdynamics.com\/robots\/wp-content\/uploads\/sites\/2\/2019\/07\/robot-ispezione-tubi-1.jpg\" \/>\n\t<meta property=\"og:image:width\" content=\"593\" \/>\n\t<meta property=\"og:image:height\" content=\"401\" \/>\n\t<meta property=\"og:image:type\" content=\"image\/jpeg\" \/>\n<meta name=\"twitter:card\" content=\"summary_large_image\" \/>\n<meta name=\"twitter:label1\" content=\"Tempo di lettura stimato\" \/>\n\t<meta name=\"twitter:data1\" content=\"1 minuto\" \/>\n<script type=\"application\/ld+json\" class=\"yoast-schema-graph\">{\"@context\":\"https:\/\/schema.org\",\"@graph\":[{\"@type\":\"WebPage\",\"@id\":\"https:\/\/robot.horusdynamics.com\/robots\/s\/robot-per-ispezione-tubi-e-condotte\/\",\"url\":\"https:\/\/robot.horusdynamics.com\/robots\/s\/robot-per-ispezione-tubi-e-condotte\/\",\"name\":\"Robot per ispezione tubi e condotte - Robot Store\",\"isPartOf\":{\"@id\":\"https:\/\/robot.horusdynamics.com\/robots\/#website\"},\"primaryImageOfPage\":{\"@id\":\"https:\/\/robot.horusdynamics.com\/robots\/s\/robot-per-ispezione-tubi-e-condotte\/#primaryimage\"},\"image\":{\"@id\":\"https:\/\/robot.horusdynamics.com\/robots\/s\/robot-per-ispezione-tubi-e-condotte\/#primaryimage\"},\"thumbnailUrl\":\"https:\/\/robot.horusdynamics.com\/robots\/wp-content\/uploads\/sites\/2\/2019\/07\/robot-ispezione-tubi-1.jpg\",\"datePublished\":\"2019-07-12T14:31:43+00:00\",\"dateModified\":\"2024-03-14T11:01:43+00:00\",\"breadcrumb\":{\"@id\":\"https:\/\/robot.horusdynamics.com\/robots\/s\/robot-per-ispezione-tubi-e-condotte\/#breadcrumb\"},\"inLanguage\":\"it-IT\",\"potentialAction\":[{\"@type\":\"ReadAction\",\"target\":[\"https:\/\/robot.horusdynamics.com\/robots\/s\/robot-per-ispezione-tubi-e-condotte\/\"]}]},{\"@type\":\"ImageObject\",\"inLanguage\":\"it-IT\",\"@id\":\"https:\/\/robot.horusdynamics.com\/robots\/s\/robot-per-ispezione-tubi-e-condotte\/#primaryimage\",\"url\":\"https:\/\/robot.horusdynamics.com\/robots\/wp-content\/uploads\/sites\/2\/2019\/07\/robot-ispezione-tubi-1.jpg\",\"contentUrl\":\"https:\/\/robot.horusdynamics.com\/robots\/wp-content\/uploads\/sites\/2\/2019\/07\/robot-ispezione-tubi-1.jpg\",\"width\":593,\"height\":401},{\"@type\":\"BreadcrumbList\",\"@id\":\"https:\/\/robot.horusdynamics.com\/robots\/s\/robot-per-ispezione-tubi-e-condotte\/#breadcrumb\",\"itemListElement\":[{\"@type\":\"ListItem\",\"position\":1,\"name\":\"Home\",\"item\":\"https:\/\/robot.horusdynamics.com\/robots\/\"},{\"@type\":\"ListItem\",\"position\":2,\"name\":\"Shop\",\"item\":\"https:\/\/robot.horusdynamics.com\/robots\/\"},{\"@type\":\"ListItem\",\"position\":3,\"name\":\"Robot per ispezione tubi e condotte\"}]},{\"@type\":\"WebSite\",\"@id\":\"https:\/\/robot.horusdynamics.com\/robots\/#website\",\"url\":\"https:\/\/robot.horusdynamics.com\/robots\/\",\"name\":\"Robot Store\",\"description\":\"Ispezioni e Sorveglianza\",\"publisher\":{\"@id\":\"https:\/\/robot.horusdynamics.com\/robots\/#organization\"},\"potentialAction\":[{\"@type\":\"SearchAction\",\"target\":{\"@type\":\"EntryPoint\",\"urlTemplate\":\"https:\/\/robot.horusdynamics.com\/robots\/?s={search_term_string}\"},\"query-input\":\"required name=search_term_string\"}],\"inLanguage\":\"it-IT\"},{\"@type\":\"Organization\",\"@id\":\"https:\/\/robot.horusdynamics.com\/robots\/#organization\",\"name\":\"Robot Store\",\"url\":\"https:\/\/robot.horusdynamics.com\/robots\/\",\"logo\":{\"@type\":\"ImageObject\",\"inLanguage\":\"it-IT\",\"@id\":\"https:\/\/robot.horusdynamics.com\/robots\/#\/schema\/logo\/image\/\",\"url\":\"https:\/\/robot.horusdynamics.com\/robots\/wp-content\/uploads\/sites\/2\/2019\/09\/vendita-robot-Horus-Dynamics.png\",\"contentUrl\":\"https:\/\/robot.horusdynamics.com\/robots\/wp-content\/uploads\/sites\/2\/2019\/09\/vendita-robot-Horus-Dynamics.png\",\"width\":120,\"height\":69,\"caption\":\"Robot Store\"},\"image\":{\"@id\":\"https:\/\/robot.horusdynamics.com\/robots\/#\/schema\/logo\/image\/\"}}]}<\/script>\n<!-- \/ Yoast SEO plugin. -->","yoast_head_json":{"title":"Robot per ispezione tubi e condotte - Robot Store","robots":{"index":"index","follow":"follow","max-snippet":"max-snippet:-1","max-image-preview":"max-image-preview:large","max-video-preview":"max-video-preview:-1"},"canonical":"https:\/\/robot.horusdynamics.com\/robots\/s\/robot-per-ispezione-tubi-e-condotte\/","og_locale":"it_IT","og_type":"article","og_title":"Robot per ispezione tubi e condotte - Robot Store","og_description":"\u00c8 composto da robot di scansione, telecamera, cavo e controller principale.\u00a0Il robot pu\u00f2 funzionare con pi\u00f9\u00a0raggi. Il controller pu\u00f2 regolare la velocit\u00e0 di scansione del robot, andare avanti, tornare indietro, pu\u00f2 anche essere\u00a0controllato;\u00a0la fotocamera per\u00a0\u00a0andare su e gi\u00f9, girare intorno, regolare la luminosit\u00e0, ruotare la fotocamera, zoom di messa a fuoco, cambiare la\u00a0vista\u00a0anteriore \/\u00a0posteriore. Il [&hellip;]","og_url":"https:\/\/robot.horusdynamics.com\/robots\/s\/robot-per-ispezione-tubi-e-condotte\/","og_site_name":"Robot Store","article_modified_time":"2024-03-14T11:01:43+00:00","og_image":[{"width":593,"height":401,"url":"https:\/\/robot.horusdynamics.com\/robots\/wp-content\/uploads\/sites\/2\/2019\/07\/robot-ispezione-tubi-1.jpg","type":"image\/jpeg"}],"twitter_card":"summary_large_image","twitter_misc":{"Tempo di lettura stimato":"1 minuto"},"schema":{"@context":"https:\/\/schema.org","@graph":[{"@type":"WebPage","@id":"https:\/\/robot.horusdynamics.com\/robots\/s\/robot-per-ispezione-tubi-e-condotte\/","url":"https:\/\/robot.horusdynamics.com\/robots\/s\/robot-per-ispezione-tubi-e-condotte\/","name":"Robot per ispezione tubi e condotte - Robot Store","isPartOf":{"@id":"https:\/\/robot.horusdynamics.com\/robots\/#website"},"primaryImageOfPage":{"@id":"https:\/\/robot.horusdynamics.com\/robots\/s\/robot-per-ispezione-tubi-e-condotte\/#primaryimage"},"image":{"@id":"https:\/\/robot.horusdynamics.com\/robots\/s\/robot-per-ispezione-tubi-e-condotte\/#primaryimage"},"thumbnailUrl":"https:\/\/robot.horusdynamics.com\/robots\/wp-content\/uploads\/sites\/2\/2019\/07\/robot-ispezione-tubi-1.jpg","datePublished":"2019-07-12T14:31:43+00:00","dateModified":"2024-03-14T11:01:43+00:00","breadcrumb":{"@id":"https:\/\/robot.horusdynamics.com\/robots\/s\/robot-per-ispezione-tubi-e-condotte\/#breadcrumb"},"inLanguage":"it-IT","potentialAction":[{"@type":"ReadAction","target":["https:\/\/robot.horusdynamics.com\/robots\/s\/robot-per-ispezione-tubi-e-condotte\/"]}]},{"@type":"ImageObject","inLanguage":"it-IT","@id":"https:\/\/robot.horusdynamics.com\/robots\/s\/robot-per-ispezione-tubi-e-condotte\/#primaryimage","url":"https:\/\/robot.horusdynamics.com\/robots\/wp-content\/uploads\/sites\/2\/2019\/07\/robot-ispezione-tubi-1.jpg","contentUrl":"https:\/\/robot.horusdynamics.com\/robots\/wp-content\/uploads\/sites\/2\/2019\/07\/robot-ispezione-tubi-1.jpg","width":593,"height":401},{"@type":"BreadcrumbList","@id":"https:\/\/robot.horusdynamics.com\/robots\/s\/robot-per-ispezione-tubi-e-condotte\/#breadcrumb","itemListElement":[{"@type":"ListItem","position":1,"name":"Home","item":"https:\/\/robot.horusdynamics.com\/robots\/"},{"@type":"ListItem","position":2,"name":"Shop","item":"https:\/\/robot.horusdynamics.com\/robots\/"},{"@type":"ListItem","position":3,"name":"Robot per ispezione tubi e condotte"}]},{"@type":"WebSite","@id":"https:\/\/robot.horusdynamics.com\/robots\/#website","url":"https:\/\/robot.horusdynamics.com\/robots\/","name":"Robot Store","description":"Ispezioni e Sorveglianza","publisher":{"@id":"https:\/\/robot.horusdynamics.com\/robots\/#organization"},"potentialAction":[{"@type":"SearchAction","target":{"@type":"EntryPoint","urlTemplate":"https:\/\/robot.horusdynamics.com\/robots\/?s={search_term_string}"},"query-input":"required name=search_term_string"}],"inLanguage":"it-IT"},{"@type":"Organization","@id":"https:\/\/robot.horusdynamics.com\/robots\/#organization","name":"Robot Store","url":"https:\/\/robot.horusdynamics.com\/robots\/","logo":{"@type":"ImageObject","inLanguage":"it-IT","@id":"https:\/\/robot.horusdynamics.com\/robots\/#\/schema\/logo\/image\/","url":"https:\/\/robot.horusdynamics.com\/robots\/wp-content\/uploads\/sites\/2\/2019\/09\/vendita-robot-Horus-Dynamics.png","contentUrl":"https:\/\/robot.horusdynamics.com\/robots\/wp-content\/uploads\/sites\/2\/2019\/09\/vendita-robot-Horus-Dynamics.png","width":120,"height":69,"caption":"Robot Store"},"image":{"@id":"https:\/\/robot.horusdynamics.com\/robots\/#\/schema\/logo\/image\/"}}]}},"_links":{"self":[{"href":"https:\/\/robot.horusdynamics.com\/robots\/wp-json\/wp\/v2\/product\/40"}],"collection":[{"href":"https:\/\/robot.horusdynamics.com\/robots\/wp-json\/wp\/v2\/product"}],"about":[{"href":"https:\/\/robot.horusdynamics.com\/robots\/wp-json\/wp\/v2\/types\/product"}],"wp:featuredmedia":[{"embeddable":true,"href":"https:\/\/robot.horusdynamics.com\/robots\/wp-json\/wp\/v2\/media\/38"}],"wp:attachment":[{"href":"https:\/\/robot.horusdynamics.com\/robots\/wp-json\/wp\/v2\/media?parent=40"}],"wp:term":[{"taxonomy":"product_cat","embeddable":true,"href":"https:\/\/robot.horusdynamics.com\/robots\/wp-json\/wp\/v2\/product_cat?post=40"},{"taxonomy":"product_tag","embeddable":true,"href":"https:\/\/robot.horusdynamics.com\/robots\/wp-json\/wp\/v2\/product_tag?post=40"}],"curies":[{"name":"wp","href":"https:\/\/api.w.org\/{rel}","templated":true}]}}