{"id":34,"date":"2019-07-12T16:12:52","date_gmt":"2019-07-12T14:12:52","guid":{"rendered":"https:\/\/robot.horusdynamics.com\/robots\/?post_type=product&#038;p=34"},"modified":"2021-07-15T14:55:43","modified_gmt":"2021-07-15T12:55:43","slug":"dr-robot-jaguar-lite-tracked-mobile-platform","status":"publish","type":"product","link":"https:\/\/robot.horusdynamics.com\/robots\/s\/dr-robot-jaguar-lite-tracked-mobile-platform\/","title":{"rendered":"Dr. Robot Jaguar Lite Tracked Mobile Platform"},"content":{"rendered":"<ul>\n<li>Piattaforma Jaguar senza bracci articolati<\/li>\n<li>Progettato per le operazioni interne ed esterne che richiedono una manovrabilit\u00e0 pi\u00f9 rapida<\/li>\n<li>Completamente wireless 802.11G connesso<\/li>\n<li>Peso leggero (&lt;14Kg) con grande capacit\u00e0 di carico utile<\/li>\n<li>Integra GPS esterno e IMU 9 DOF per la navigazione autonoma<\/li>\n<li>Salendo&gt; 45 \u00b0 di pendenza o scale (max 180mm o 7 &#8220;)<\/li>\n<li>Velocit\u00e0: 0 &#8211; 8,5 km \/ h<\/li>\n<\/ul>\n<p>La\u00a0<strong>piattaforma mobile cingolata Dr. Robot Jaguar Lite<\/strong>\u00a0\u00e8 progettata per operazioni interne ed esterne che richiedono una manovrabilit\u00e0 pi\u00f9 rapida.\u00a0La Jaguar-Lite \u00e8 semplicemente la piattaforma Jaguar senza le due braccia articolate.\u00a0\u00c8 collegato in modalit\u00e0 wireless 802.11G.\u00a0Integra GPS esterno e 9 DOF IMU (giroscopio \/ accelerometro \/ bussola) per la navigazione autonoma.\u00a0La piattaforma Jaguar-Lite \u00e8 robusta, leggera (&lt;14Kg), compatta, resistente agli agenti atmosferici e all&#8217;acqua.<\/p>\n<p>\u00c8 progettato per terreni difficili e in grado di salire le scale (passo fino a 180 mm).\u00a0Lo scanner video \/ audio e laser integrato ad alta risoluzione (opzionale) fornisce all&#8217;operatore remoto informazioni dettagliate sull&#8217;ambiente circostante.\u00a0Oltre al software di controllo e navigazione pronto all&#8217;uso, \u00e8 disponibile anche un kit di sviluppo completo che include SDK, protocollo dati e codici di esempio.<\/p>\n<p>La figura seguente illustra i componenti chiave che identificherai sul robot Jaguar-Lite:<\/p>\n<p>&nbsp;<\/p>\n<p><strong>Scenario di operazione<\/strong><\/p>\n<p>Il diagramma seguente illustra lo scenario operativo tipico.\u00a0Jaguar-Lite \u00e8 un robot mobile per esterni in rete wireless.\u00a0Viene fornito con un AP \/ router 802.11 wireless.\u00a0Il PC del controller host remoto che esegue il programma &#8220;Jaguar Control&#8221; si connette a Jaguar-Lite tramite cavo di rete o wireless.\u00a0L&#8217;utente finale potrebbe sviluppare il proprio programma Jaguar-lite utilizzando l&#8217;API e gli strumenti di sviluppo forniti.<\/p>\n<p>&nbsp;<\/p>\n<p>\u00c8 possibile utilizzare il controller Gamepad incluso per navigare nel robot.\u00a0Se utilizzato all&#8217;aperto, in particolare sotto la luce solare diretta, il display montato sulla testa (non incluso) offre un display chiaro e ampio con un&#8217;eccellente esperienza all&#8217;aperto.<\/p>\n<p><strong>Caratteristiche:<\/strong><br \/>\n\u2022 Piattaforma mobile robusta e affidabile per applicazioni interne ed esterne con manovrabilit\u00e0 pi\u00f9 rapida (max 8,5 km \/ h)<br \/>\n\u2022 Funzionamento interno ed esterno su terreni difficili<br \/>\n\u2022\u00a0Involucro\u00a0resistente alle intemperie e all&#8217;acqua<br \/>\n\u2022 Salita su pendenza&gt; 45 \u00b0 o scale (max 180 mm o 7 &#8220;)<br \/>\n\u2022 Leggero (&lt;14Kg) e design compatto con grande capacit\u00e0 di carico utile<br \/>\n\u2022 Navigazione autonoma con GPS esterno e 9 DOF IMU (giroscopio \/ accelerometro \/ bussola)<br \/>\n\u2022 Gestione di un passo verticale di massimo 180mm (ostacolo)<br \/>\n\u2022 Laser integrato scanner (opzionale)<br \/>\n\u2022 Videocamera integrata ad alta risoluzione con audio<br \/>\n\u2022 Tutto 802.11G (802.11N opzionale) connesso in modalit\u00e0 wireless<br \/>\n\u2022 Display montato sulla testa (opzionale) e controller Gamepad che consente di operare all&#8217;aperto con una visione ampia e chiara anche sotto la luce diretta del sole<br \/>\n\u2022 Software di controllo e navigazione pronto all&#8217;uso<br \/>\n\u2022 Kit di sviluppo completo incluso SDK, protocollo dati e codici di esempio, supporto Microsoft\u00ae Robotics Studio, Microsoft \u00ae Visual Studio, NI LabVIEW\u00ae, MATLAB\u00ae, Java\u00ae<\/p>\n<p>&nbsp;<\/p>\n<p><strong>ricarica<\/strong><\/p>\n<p>Il robot Jaguar utilizza batterie LiPo ad alte prestazioni.\u00a0\u00c8 necessaria estrema cautela mentre si utilizza questo tipo di batteria, esplosione e danni potrebbero verificarsi.\u00a0Leggere prima il manuale della stazione di ricarica e seguire tutte le regole di sicurezza prima di proseguire.<\/p>\n<p>&nbsp;<\/p>\n<p>&nbsp;<\/p>\n<p><strong>Specifiche:<\/strong><\/p>\n<div class=\"aboutBox Specifications aboutBoxRight\">\n<div class=\"aboutContent clearfix\">\n<p><strong><span>Mobilit\u00e0<\/span><\/strong><br \/>\n<span>\u2022 Terreno: sabbia, roccia, cemento, ghiaia, erba, terra e altri umidi e asciutti\u00a0<\/span><br \/>\n<span>\u2022 Pendenza:&gt; 45 \u00b0\u00a0<\/span><br \/>\n<span>\u2022 Passo verticale massimo: 180mm (7 &#8220;)\u00a0<\/span><br \/>\n<span>\u2022 Scala: altezza massima della scala 180mm (7&#8243;)\u00a0<\/span><br \/>\n<span>\u2022 Poligonale:&gt; 200mm (8 &#8220;)\u00a0<\/span><br \/>\n<span>\u2022 Velocit\u00e0: 0 &#8211; 8.5Km \/ hr\u00a0<\/span><br \/>\n<span>\u2022 Raggio di sterzata: 0, min 800mm (31.5&#8243;) di diametro dello spazio di rotazione\u00a0<\/span><br \/>\n<span>\u2022 Altezza libera dal suolo: 38mm (1.5 &#8220;)\u00a0<\/span><br \/>\n<span>\u2022 Telecomando dell&#8217;operatore\u00a0<\/span><br \/>\n<span>\u2022 Navigazione autonoma con GPS e 9 DOF IMU (giroscopio \/ accelerometro \/ bussola)\u00a0<\/span><br \/>\n<span>\u2022 Punto di riferimento di visione interna GPS (opzionale)<\/span><\/p>\n<p><strong><span>Sopravvivibilit\u00e0<\/span><\/strong><br \/>\n<span>\u2022\u00a0<strong>Involucro<\/strong>\u00a0resistente agli\u00a0<strong>agenti<\/strong>\u00a0atmosferici\u00a0<\/span><br \/>\n<span>\u2022 Temperatura: da -30 \u00b0 a + 50 \u00b0\u00a0<\/span><br \/>\n<span>\u2022 Telaio resistente agli urti<\/span><\/p>\n<p><strong><span>Elettronica<\/span><\/strong><br \/>\n<span>\u2022 Controller di movimento e rilevamento (PWM, posizione e controllo della velocit\u00e0)\u00a0<\/span><br \/>\n<span>\u2022 5Hz GPS e 9 DOF IMU (giroscopio \/ accelerometro \/ bussola)\u00a0<\/span><br \/>\n<span>\u2022 Laser scanner (4m o 30m) (opzionale)\u00a0<\/span><br \/>\n<span>\u2022\u00a0Sensore di\u00a0temperatura e monitoraggio della tensione\u00a0<\/span><br \/>\n<span>\u2022 Fari<\/span><\/p>\n<p><strong><span>Video \/ Audio<\/span><\/strong><br \/>\n<span>\u2022 Telecamera a colori (640&#215;480, 30fps) con audio<\/span><\/p>\n<p><strong><span>Comunicazione<\/span><\/strong><br \/>\n<span>\u2022 WiFi802.11G (WiFi 802.11N opzionale)\u00a0<\/span><br \/>\n<span>\u2022 Ethernet\u00a0<\/span><br \/>\n<span>\u2022 Seriale (RS232)<\/span><\/p>\n<p><strong><span>Porte ausiliarie esterne<\/span><\/strong><br \/>\n<span>\u2022 Ethernet (opzionale)\u00a0<\/span><br \/>\n<span>\u2022 Comunicazione di uso generale e porta di alimentazione (opzionale)<\/span><\/p>\n<p><strong><span>Unit\u00e0 di controllo dell&#8217;operatore<\/span><\/strong><br \/>\n<span>\u2022 Controller per gamepad\u00a0<\/span><br \/>\n<span>\u2022 Display montato sulla testina (Dual 640 x 480), equivalente al display da 60 &#8220;visualizzato in 2,7 m (9 piedi) (opzionale)\u00a0<\/span><br \/>\n<span>\u2022 Computer portatile (opzionale)<\/span><\/p>\n<p><strong><span>Alimentazione<\/span><\/strong><br \/>\n<span>\u2022 Batteria ricaricabile: LiPo 22.2V 10AH\u00a0<\/span><br \/>\n<span>\u2022 Caricabatterie LiPo con bilanciatore\u00a0<\/span><br \/>\n<span>\u2022 Tempo di funzionamento nominale: 3 ore (Opzionale 6 ore)<\/span><\/p>\n<p><strong><span>Motor<\/span><\/strong><br \/>\n<span>\u2022 Track Motors (24V): 2 unit\u00e0\u00a0<\/span><br \/>\n<span>\u00a0 &#8211; Uscita massima (dopo la marcia in gi\u00f9) (x2): Max 80W, 65Kg.cm\u00a0<\/span><br \/>\n<span>\u00a0 \/\u00a0pista\u00a0&#8211; Corrente nominale: 2,75 A, corrente massima 16A<\/span><\/p>\n<p><strong><span>Carico utile<\/span><\/strong><br \/>\n<span>\u2022\u00a0<strong>Carico Carico<\/strong>\u00a0utile: max 13Kg\u00a0<\/span><br \/>\n<span>\u2022 Carico utile di trascinamento: max 30Kg<\/span><\/p>\n<p><strong><span>Sviluppo di applicazioni<\/span><\/strong><br \/>\n<span>\u2022 Kit di sviluppo completo che include SDK, protocollo dati e codici di esempio, supporto Microsoft\u00ae Robotics Studio, Microsoft\u00ae Visual Studio, NI LabVIEW\u00ae, MATLAB\u00ae, Java\u00ae<\/span><\/p>\n<\/div>\n<\/div>\n<div class=\"aboutBox Dimensions aboutBoxRight\">\n<div class=\"aboutHeaders\">\n<h3><span>Dimensioni<\/span><\/h3>\n<\/div>\n<div class=\"aboutContent clearfix\"><span>\u2022 Altezza: 176mm (7 &#8220;)\u00a0<\/span><br \/>\n<span>\u2022 Larghezza: 470mm (18.5&#8243;)\u00a0<\/span><br \/>\n<span>\u2022 Lunghezza: 640mm (25.2 &#8220;)\u00a0<\/span><br \/>\n<span>\u2022 Peso: 13.5Kg (configurazione standard)<\/span><\/div>\n<\/div>\n<div class=\"aboutBox Multimedia aboutBoxRight\">\n<div class=\"aboutHeaders\">\n<h3><span>Multimedia<\/span><\/h3>\n<\/div>\n<div class=\"aboutContent clearfix\">\n<div align=\"center\">\n<div class=\"videoContainer\"><iframe loading=\"lazy\" src=\"https:\/\/www.youtube.com\/embed\/ExHgc9VIfE8?rel=0\" width=\"560\" height=\"315\" frameborder=\"0\" allowfullscreen=\"allowfullscreen\" data-mce-fragment=\"1\"><\/iframe><\/div>\n<\/div>\n<\/div>\n<\/div>\n","protected":false},"excerpt":{"rendered":"<div class=\"product-availability-region\">\n<div>\n<div class=\"availabilityContainer\">\n<p class=\"availability special-order\">\u00a0Ordine speciale<\/p>\n<div class=\"special\">* Questo \u00e8 un articolo di ordine speciale.\u00a0Lo ordineremo per te non appena effettui l&#8217;ordine.<\/div>\n<\/div>\n<div class=\"free-ship\">Spedizione gratuita su questo articolo<\/div>\n<\/div>\n<\/div>\n<div class=\"productShortDescription\">\n<ul>\n<li>Progettato per le operazioni interne ed esterne che richiedono maggiore altezza da terra e manovrabilit\u00e0 pi\u00f9 rapida<\/li>\n<li>Gestione del passo verticale massimo 155mm (6 &#8220;) (ostacolo)<\/li>\n<li>Tutto 802.11G (802.11N opzionale) connesso in modalit\u00e0 wireless<\/li>\n<li>Peso leggero (&lt;20Kg) con eccellente capacit\u00e0 di carico utile<\/li>\n<li>Navigazione autonoma con GPS esterno e 9 DOF IMU<\/li>\n<li>Salire le scale basse (passo fino a 110 mm)<\/li>\n<li>Velocit\u00e0: 0 &#8211; 15 km \/ h<\/li>\n<\/ul>\n<\/div>\n<div class=\"giftcard-form-center\"><\/div>\n","protected":false},"featured_media":35,"template":"","meta":[],"product_cat":[20],"product_tag":[],"yoast_head":"<!-- This site is optimized with the Yoast SEO plugin v23.0 - https:\/\/yoast.com\/wordpress\/plugins\/seo\/ -->\n<title>Dr. Robot Jaguar Lite Tracked Mobile Platform - Robot Store<\/title>\n<meta name=\"robots\" content=\"index, follow, max-snippet:-1, max-image-preview:large, max-video-preview:-1\" \/>\n<link rel=\"canonical\" href=\"https:\/\/robot.horusdynamics.com\/robots\/s\/dr-robot-jaguar-lite-tracked-mobile-platform\/\" \/>\n<meta property=\"og:locale\" content=\"it_IT\" \/>\n<meta property=\"og:type\" content=\"article\" \/>\n<meta property=\"og:title\" content=\"Dr. Robot Jaguar Lite Tracked Mobile Platform - Robot Store\" \/>\n<meta property=\"og:description\" content=\"\u00a0Ordine speciale  * Questo \u00e8 un articolo di ordine speciale.\u00a0Lo ordineremo per te non appena effettui l&#039;ordine.  Spedizione gratuita su questo articolo      Progettato per le operazioni interne ed esterne che richiedono maggiore altezza da terra e manovrabilit\u00e0 pi\u00f9 rapida  Gestione del passo verticale massimo 155mm (6 &quot;) (ostacolo)  Tutto 802.11G (802.11N opzionale) connesso in modalit\u00e0 wireless  Peso leggero (&lt;20Kg) con eccellente capacit\u00e0 di carico utile  Navigazione autonoma con GPS esterno e 9 DOF IMU  Salire le scale basse (passo fino a 110 mm)  Velocit\u00e0: 0 - 15 km \/ h\" \/>\n<meta property=\"og:url\" content=\"https:\/\/robot.horusdynamics.com\/robots\/s\/dr-robot-jaguar-lite-tracked-mobile-platform\/\" \/>\n<meta property=\"og:site_name\" content=\"Robot Store\" \/>\n<meta property=\"article:modified_time\" content=\"2021-07-15T12:55:43+00:00\" \/>\n<meta property=\"og:image\" content=\"https:\/\/robot.horusdynamics.com\/robots\/wp-content\/uploads\/sites\/2\/2019\/07\/dr-robot-jaguar-lite-tracked-mobile-platform_1.jpg\" \/>\n\t<meta property=\"og:image:width\" content=\"900\" \/>\n\t<meta property=\"og:image:height\" content=\"900\" \/>\n\t<meta property=\"og:image:type\" content=\"image\/jpeg\" \/>\n<meta name=\"twitter:card\" content=\"summary_large_image\" \/>\n<meta name=\"twitter:label1\" content=\"Tempo di lettura stimato\" \/>\n\t<meta name=\"twitter:data1\" content=\"4 minuti\" \/>\n<script type=\"application\/ld+json\" class=\"yoast-schema-graph\">{\"@context\":\"https:\/\/schema.org\",\"@graph\":[{\"@type\":\"WebPage\",\"@id\":\"https:\/\/robot.horusdynamics.com\/robots\/s\/dr-robot-jaguar-lite-tracked-mobile-platform\/\",\"url\":\"https:\/\/robot.horusdynamics.com\/robots\/s\/dr-robot-jaguar-lite-tracked-mobile-platform\/\",\"name\":\"Dr. Robot Jaguar Lite Tracked Mobile Platform - Robot Store\",\"isPartOf\":{\"@id\":\"https:\/\/robot.horusdynamics.com\/robots\/#website\"},\"primaryImageOfPage\":{\"@id\":\"https:\/\/robot.horusdynamics.com\/robots\/s\/dr-robot-jaguar-lite-tracked-mobile-platform\/#primaryimage\"},\"image\":{\"@id\":\"https:\/\/robot.horusdynamics.com\/robots\/s\/dr-robot-jaguar-lite-tracked-mobile-platform\/#primaryimage\"},\"thumbnailUrl\":\"https:\/\/robot.horusdynamics.com\/robots\/wp-content\/uploads\/sites\/2\/2019\/07\/dr-robot-jaguar-lite-tracked-mobile-platform_1.jpg\",\"datePublished\":\"2019-07-12T14:12:52+00:00\",\"dateModified\":\"2021-07-15T12:55:43+00:00\",\"breadcrumb\":{\"@id\":\"https:\/\/robot.horusdynamics.com\/robots\/s\/dr-robot-jaguar-lite-tracked-mobile-platform\/#breadcrumb\"},\"inLanguage\":\"it-IT\",\"potentialAction\":[{\"@type\":\"ReadAction\",\"target\":[\"https:\/\/robot.horusdynamics.com\/robots\/s\/dr-robot-jaguar-lite-tracked-mobile-platform\/\"]}]},{\"@type\":\"ImageObject\",\"inLanguage\":\"it-IT\",\"@id\":\"https:\/\/robot.horusdynamics.com\/robots\/s\/dr-robot-jaguar-lite-tracked-mobile-platform\/#primaryimage\",\"url\":\"https:\/\/robot.horusdynamics.com\/robots\/wp-content\/uploads\/sites\/2\/2019\/07\/dr-robot-jaguar-lite-tracked-mobile-platform_1.jpg\",\"contentUrl\":\"https:\/\/robot.horusdynamics.com\/robots\/wp-content\/uploads\/sites\/2\/2019\/07\/dr-robot-jaguar-lite-tracked-mobile-platform_1.jpg\",\"width\":900,\"height\":900,\"caption\":\"robot ispezioni\"},{\"@type\":\"BreadcrumbList\",\"@id\":\"https:\/\/robot.horusdynamics.com\/robots\/s\/dr-robot-jaguar-lite-tracked-mobile-platform\/#breadcrumb\",\"itemListElement\":[{\"@type\":\"ListItem\",\"position\":1,\"name\":\"Home\",\"item\":\"https:\/\/robot.horusdynamics.com\/robots\/\"},{\"@type\":\"ListItem\",\"position\":2,\"name\":\"Shop\",\"item\":\"https:\/\/robot.horusdynamics.com\/robots\/\"},{\"@type\":\"ListItem\",\"position\":3,\"name\":\"Dr. Robot Jaguar Lite Tracked Mobile Platform\"}]},{\"@type\":\"WebSite\",\"@id\":\"https:\/\/robot.horusdynamics.com\/robots\/#website\",\"url\":\"https:\/\/robot.horusdynamics.com\/robots\/\",\"name\":\"Robot Store\",\"description\":\"Ispezioni e Sorveglianza\",\"publisher\":{\"@id\":\"https:\/\/robot.horusdynamics.com\/robots\/#organization\"},\"potentialAction\":[{\"@type\":\"SearchAction\",\"target\":{\"@type\":\"EntryPoint\",\"urlTemplate\":\"https:\/\/robot.horusdynamics.com\/robots\/?s={search_term_string}\"},\"query-input\":\"required name=search_term_string\"}],\"inLanguage\":\"it-IT\"},{\"@type\":\"Organization\",\"@id\":\"https:\/\/robot.horusdynamics.com\/robots\/#organization\",\"name\":\"Robot Store\",\"url\":\"https:\/\/robot.horusdynamics.com\/robots\/\",\"logo\":{\"@type\":\"ImageObject\",\"inLanguage\":\"it-IT\",\"@id\":\"https:\/\/robot.horusdynamics.com\/robots\/#\/schema\/logo\/image\/\",\"url\":\"https:\/\/robot.horusdynamics.com\/robots\/wp-content\/uploads\/sites\/2\/2019\/09\/vendita-robot-Horus-Dynamics.png\",\"contentUrl\":\"https:\/\/robot.horusdynamics.com\/robots\/wp-content\/uploads\/sites\/2\/2019\/09\/vendita-robot-Horus-Dynamics.png\",\"width\":120,\"height\":69,\"caption\":\"Robot Store\"},\"image\":{\"@id\":\"https:\/\/robot.horusdynamics.com\/robots\/#\/schema\/logo\/image\/\"}}]}<\/script>\n<!-- \/ Yoast SEO plugin. -->","yoast_head_json":{"title":"Dr. Robot Jaguar Lite Tracked Mobile Platform - Robot Store","robots":{"index":"index","follow":"follow","max-snippet":"max-snippet:-1","max-image-preview":"max-image-preview:large","max-video-preview":"max-video-preview:-1"},"canonical":"https:\/\/robot.horusdynamics.com\/robots\/s\/dr-robot-jaguar-lite-tracked-mobile-platform\/","og_locale":"it_IT","og_type":"article","og_title":"Dr. Robot Jaguar Lite Tracked Mobile Platform - Robot Store","og_description":"\u00a0Ordine speciale  * Questo \u00e8 un articolo di ordine speciale.\u00a0Lo ordineremo per te non appena effettui l'ordine.  Spedizione gratuita su questo articolo      Progettato per le operazioni interne ed esterne che richiedono maggiore altezza da terra e manovrabilit\u00e0 pi\u00f9 rapida  Gestione del passo verticale massimo 155mm (6 \") (ostacolo)  Tutto 802.11G (802.11N opzionale) connesso in modalit\u00e0 wireless  Peso leggero (&lt;20Kg) con eccellente capacit\u00e0 di carico utile  Navigazione autonoma con GPS esterno e 9 DOF IMU  Salire le scale basse (passo fino a 110 mm)  Velocit\u00e0: 0 - 15 km \/ h","og_url":"https:\/\/robot.horusdynamics.com\/robots\/s\/dr-robot-jaguar-lite-tracked-mobile-platform\/","og_site_name":"Robot Store","article_modified_time":"2021-07-15T12:55:43+00:00","og_image":[{"width":900,"height":900,"url":"https:\/\/robot.horusdynamics.com\/robots\/wp-content\/uploads\/sites\/2\/2019\/07\/dr-robot-jaguar-lite-tracked-mobile-platform_1.jpg","type":"image\/jpeg"}],"twitter_card":"summary_large_image","twitter_misc":{"Tempo di lettura stimato":"4 minuti"},"schema":{"@context":"https:\/\/schema.org","@graph":[{"@type":"WebPage","@id":"https:\/\/robot.horusdynamics.com\/robots\/s\/dr-robot-jaguar-lite-tracked-mobile-platform\/","url":"https:\/\/robot.horusdynamics.com\/robots\/s\/dr-robot-jaguar-lite-tracked-mobile-platform\/","name":"Dr. Robot Jaguar Lite Tracked Mobile Platform - Robot Store","isPartOf":{"@id":"https:\/\/robot.horusdynamics.com\/robots\/#website"},"primaryImageOfPage":{"@id":"https:\/\/robot.horusdynamics.com\/robots\/s\/dr-robot-jaguar-lite-tracked-mobile-platform\/#primaryimage"},"image":{"@id":"https:\/\/robot.horusdynamics.com\/robots\/s\/dr-robot-jaguar-lite-tracked-mobile-platform\/#primaryimage"},"thumbnailUrl":"https:\/\/robot.horusdynamics.com\/robots\/wp-content\/uploads\/sites\/2\/2019\/07\/dr-robot-jaguar-lite-tracked-mobile-platform_1.jpg","datePublished":"2019-07-12T14:12:52+00:00","dateModified":"2021-07-15T12:55:43+00:00","breadcrumb":{"@id":"https:\/\/robot.horusdynamics.com\/robots\/s\/dr-robot-jaguar-lite-tracked-mobile-platform\/#breadcrumb"},"inLanguage":"it-IT","potentialAction":[{"@type":"ReadAction","target":["https:\/\/robot.horusdynamics.com\/robots\/s\/dr-robot-jaguar-lite-tracked-mobile-platform\/"]}]},{"@type":"ImageObject","inLanguage":"it-IT","@id":"https:\/\/robot.horusdynamics.com\/robots\/s\/dr-robot-jaguar-lite-tracked-mobile-platform\/#primaryimage","url":"https:\/\/robot.horusdynamics.com\/robots\/wp-content\/uploads\/sites\/2\/2019\/07\/dr-robot-jaguar-lite-tracked-mobile-platform_1.jpg","contentUrl":"https:\/\/robot.horusdynamics.com\/robots\/wp-content\/uploads\/sites\/2\/2019\/07\/dr-robot-jaguar-lite-tracked-mobile-platform_1.jpg","width":900,"height":900,"caption":"robot ispezioni"},{"@type":"BreadcrumbList","@id":"https:\/\/robot.horusdynamics.com\/robots\/s\/dr-robot-jaguar-lite-tracked-mobile-platform\/#breadcrumb","itemListElement":[{"@type":"ListItem","position":1,"name":"Home","item":"https:\/\/robot.horusdynamics.com\/robots\/"},{"@type":"ListItem","position":2,"name":"Shop","item":"https:\/\/robot.horusdynamics.com\/robots\/"},{"@type":"ListItem","position":3,"name":"Dr. Robot Jaguar Lite Tracked Mobile Platform"}]},{"@type":"WebSite","@id":"https:\/\/robot.horusdynamics.com\/robots\/#website","url":"https:\/\/robot.horusdynamics.com\/robots\/","name":"Robot Store","description":"Ispezioni e Sorveglianza","publisher":{"@id":"https:\/\/robot.horusdynamics.com\/robots\/#organization"},"potentialAction":[{"@type":"SearchAction","target":{"@type":"EntryPoint","urlTemplate":"https:\/\/robot.horusdynamics.com\/robots\/?s={search_term_string}"},"query-input":"required name=search_term_string"}],"inLanguage":"it-IT"},{"@type":"Organization","@id":"https:\/\/robot.horusdynamics.com\/robots\/#organization","name":"Robot Store","url":"https:\/\/robot.horusdynamics.com\/robots\/","logo":{"@type":"ImageObject","inLanguage":"it-IT","@id":"https:\/\/robot.horusdynamics.com\/robots\/#\/schema\/logo\/image\/","url":"https:\/\/robot.horusdynamics.com\/robots\/wp-content\/uploads\/sites\/2\/2019\/09\/vendita-robot-Horus-Dynamics.png","contentUrl":"https:\/\/robot.horusdynamics.com\/robots\/wp-content\/uploads\/sites\/2\/2019\/09\/vendita-robot-Horus-Dynamics.png","width":120,"height":69,"caption":"Robot Store"},"image":{"@id":"https:\/\/robot.horusdynamics.com\/robots\/#\/schema\/logo\/image\/"}}]}},"_links":{"self":[{"href":"https:\/\/robot.horusdynamics.com\/robots\/wp-json\/wp\/v2\/product\/34"}],"collection":[{"href":"https:\/\/robot.horusdynamics.com\/robots\/wp-json\/wp\/v2\/product"}],"about":[{"href":"https:\/\/robot.horusdynamics.com\/robots\/wp-json\/wp\/v2\/types\/product"}],"wp:featuredmedia":[{"embeddable":true,"href":"https:\/\/robot.horusdynamics.com\/robots\/wp-json\/wp\/v2\/media\/35"}],"wp:attachment":[{"href":"https:\/\/robot.horusdynamics.com\/robots\/wp-json\/wp\/v2\/media?parent=34"}],"wp:term":[{"taxonomy":"product_cat","embeddable":true,"href":"https:\/\/robot.horusdynamics.com\/robots\/wp-json\/wp\/v2\/product_cat?post=34"},{"taxonomy":"product_tag","embeddable":true,"href":"https:\/\/robot.horusdynamics.com\/robots\/wp-json\/wp\/v2\/product_tag?post=34"}],"curies":[{"name":"wp","href":"https:\/\/api.w.org\/{rel}","templated":true}]}}